	





{"id":1971,"date":"2016-09-05T08:25:09","date_gmt":"2016-09-05T08:25:09","guid":{"rendered":"http:\/\/btcces.com\/web\/?page_id=1971"},"modified":"2018-01-04T14:21:42","modified_gmt":"2018-01-04T14:21:42","slug":"aviso-legal","status":"publish","type":"page","link":"https:\/\/btcces.com\/ca\/avis-legal\/","title":{"rendered":"Av\u00eds legal"},"content":{"rendered":"<p><\/p>\n<h3>Dades de l\u2019empresa<\/h3>\n<p>Denominaci\u00f3 Social: BTC Centre d\u2019Estudis Superiors, SL<\/p>\n<p>Nom Comercial: BTC Centre d\u2019Estudis Superiors<\/p>\n<p>Domicili Social:\u00a0Pla\u00e7a del Mil\u00b7lenari, 2, 1er \u2013 08500 Vic (Barcelona)<\/p>\n<p>CIF \/ NIF: B65920928<\/p>\n<p>Tel\u00e8fon: 93 881 46 36<\/p>\n<p>Fax: 93 881 41 90<\/p>\n<p>e-Mail: info@btcces.com<\/p>\n<p>Inscrita en el Registre Mercantil de Barcelona, volum 43525, foli 186, full B-431461<\/p>\n<p>Nom de domini: btcces.com<\/p>\n<h3>Objecte<\/h3>\n<p>BTC Centre d\u2019Estudis Superiors SL, responsable del lloc web, posa a disposici\u00f3 dels usuaris el present document amb el qual pret\u00e9n donar compliment a les obligacions disposades en la Llei 34\/2002, de Serveis de la Societat de la Informaci\u00f3 i del Comer\u00e7 Electr\u00f2nic (LSSI-CE), aix\u00ed com informar a tots els usuaris del lloc web respecte a quines s\u00f3n les condicions d\u2019\u00fas del lloc web.<\/p>\n<p>Tota persona que accedeixi a aquest lloc web assumeix el paper d\u2019usuari, comprometent-se a l\u2019observan\u00e7a i compliment rigor\u00f3s de les disposicions aqu\u00ed disposades, aix\u00ed com a qualsevol altra disposici\u00f3 legal que fora d\u2019aplicaci\u00f3.<\/p>\n<p>BTC Centre d\u2019Estudis Superiors SL es reserva el dret a modificar qualsevol tipus d\u2019informaci\u00f3 que pogu\u00e9s apar\u00e8ixer al lloc web, sense que hi hagi obligaci\u00f3 d\u2019avisar o posar en coneixement dels usuaris aquestes obligacions, entenent-se com suficient amb la publicaci\u00f3 al lloc web btcces.com.<\/p>\n<h3>Responsabilitat<\/h3>\n<p>BTC Centre d\u2019Estudis Superiors SL es eximeix de qualsevol tipus de responsabilitat derivada de la informaci\u00f3 publicada al seu lloc web, sempre que aquesta informaci\u00f3 hagi estat manipulada o introdu\u00efda per un tercer ali\u00e8 a aquest.<\/p>\n<p>El lloc web de BTC Centre d\u2019Estudis Superiors SL pot utilitzar cookies (petits arxius d\u2019informaci\u00f3 que el servidor envia a l\u2019ordinador de qui accedeix a la p\u00e0gina) per dur a terme determinades funcions que s\u00f3n considerades imprescindibles per al correcte funcionament i visualitzaci\u00f3 del lloc. Les galetes utilitzades al lloc web tenen, en tot cas, car\u00e0cter temporal amb l\u2019\u00fanica finalitat de fer m\u00e9s efica\u00e7 la seva transmissi\u00f3 ulterior i desapareixen en acabar la sessi\u00f3 de l\u2019usuari. En cap cas s\u2019utilitzaran les cookies per recollir informaci\u00f3 de car\u00e0cter personal.<\/p>\n<p>Des del lloc web del client \u00e9s possible que es redirigeixi a continguts de tercers llocs web. At\u00e8s que el BTC Centre d\u2019Estudis Superiors SL no pot controlar sempre els continguts introdu\u00efts pels tercers en els seus llocs web, aquest no assumeix cap tipus de responsabilitat respecte a aquests continguts. En tot cas, el prestador manifesta que procedir\u00e0 a la retirada immediata de qualsevol contingut que pogu\u00e9s contravenir la legislaci\u00f3 nacional o internacional, la moral o l\u2019ordre p\u00fablic, procedint a la retirada immediata de la redirecci\u00f3 a aquest lloc web, posant en coneixement de les autoritats competents el contingut en q\u00fcesti\u00f3.<\/p>\n<p>BTC Centre d\u2019Estudis Superiors S.L. no es fa responsable de la informaci\u00f3 i continguts emmagatzemats, a t\u00edtol enunciatiu per\u00f2 no limitatiu, en f\u00f2rums, xat s, generadors de blocs, comentaris, xarxes socials o qualsevol altre mitj\u00e0 que permeti a tercers publicar continguts de forma independent a la p\u00e0gina web de BTC Centre d\u2019Estudis Superiors SL No obstant aix\u00f2 i en compliment del que disposa l\u2019art. 11 i 16 de la LSSI-CE, el prestador es posa a disposici\u00f3 de tots els usuaris, autoritats i forces de seguretat, i col \u00b7 laborant de manera activa en la retirada o, si s\u2019escau bloqueig de tots aquells continguts que poguessin afectar o contravenir la legislaci\u00f3 nacional, o internacional, drets de tercers o la moral i l\u2019ordre p\u00fablic. En cas que l\u2019usuari consideri que existeix en el lloc web algun contingut que pogu\u00e9s ser susceptible d\u2019aquesta classificaci\u00f3, es prega ho faci saber de forma immediata a l\u2019administrador del lloc web.<\/p>\n<p>Aquest lloc web ha estat revisat i provat perqu\u00e8 funcioni correctament. En principi, pot garantir el correcte funcionament els 365 dies de l\u2019any, 24 hores al dia. Tanmateix, BTC Centre d\u2019Estudis Superiors S.L. no descarta la possibilitat que existeixin certs errors de programaci\u00f3, o que esdevinguin causes de for\u00e7a major, cat\u00e0strofes naturals, vagues, o circumst\u00e0ncies semblants que facin impossible l\u2019acc\u00e9s a la p\u00e0gina web.<\/p>\n<h3>Protecci\u00f3 de dades personals<\/h3>\n<p>BTC Centre d\u2019Estudis Superiors S.L. es troba profundament comprom\u00e8s amb el compliment de la normativa espanyola de protecci\u00f3 de dades de car\u00e0cter personal, i garanteix el compliment \u00edntegre de les obligacions disposades, aix\u00ed com la implementaci\u00f3 de les mesures de seguretat disposades en l\u2019art. 9 de la Llei 15\/1999, de Protecci\u00f3 de Dades de Car\u00e0cter Personal (LOPD) i en el Reglament de Desenvolupament de la LOPD.<\/p>\n<p>BTC Centre d\u2019Estudis Superiors S.L. posa a disposici\u00f3 dels usuaris la Pol\u00edtica de Privacitat de l\u2019entitat informant als usuaris respecte als seg\u00fcents aspectes:<\/p>\n<ul>\n<li>Dades del responsable del tractament.<\/li>\n<li>Dades tractats.<\/li>\n<li>Fitxer en el qual s\u2019emmagatzemen.<\/li>\n<li>Finalitat del tractament.<\/li>\n<li>Obligatorietat o no de facilitar, aix\u00ed com les conseq\u00fc\u00e8ncies en cas de no facilitar.<\/li>\n<li>Sobre els drets que assisteixen a tot usuari i el procediment per exercitar-los.<\/li>\n<\/ul>\n<h3>Propietat Intel\u00b7lectual i industrial<\/h3>\n<p>El lloc web, incloent a t\u00edtol enunciatiu per\u00f2 no limitatiu la seva programaci\u00f3, edici\u00f3, compilaci\u00f3 i altres elements necessaris per al seu funcionament, els dissenys, logotips, text i \/ o gr\u00e0fics s\u00f3n propietat d\u2019BTC Centre d\u2019Estudis Superiors SL o si escau disposa de llic\u00e8ncia o autoritzaci\u00f3 expressa per part dels autors. Tots els continguts del lloc web es troben degudament protegits per la normativa de propietat intel \u00b7 lectual i industrial, aix\u00ed com inscrits en els registres p\u00fablics corresponents.<\/p>\n<p>Independentment de la finalitat per a la qual fossin destinats, la reproducci\u00f3 total o parcial, \u00fas, explotaci\u00f3, distribuci\u00f3 i comercialitzaci\u00f3, requereix en tot cas de l\u2019autoritzaci\u00f3 escrita pr\u00e8via per part de BTC Centre d\u2019Estudis Superiors SL. Qualsevol \u00fas no autoritzat pr\u00e8viament per part de BTC Centre d\u2019Estudis Superiors SL ser\u00e0 considerat un incompliment greu dels drets de propietat intel\u00b7lectual o industrial de l\u2019autor.<\/p>\n<p>Els dissenys, logotips, text i \/ o gr\u00e0fics aliens a BTC Centre d\u2019Estudis Superiors SL i que poguessin apar\u00e8ixer al lloc web, pertanyen als seus respectius propietaris, sent ells mateixos responsables de qualsevol possible controv\u00e8rsia que pogu\u00e9s suscitar respecte a aquests. En tot cas, BTC Centre d\u2019Estudis Superiors S.L. compta amb l\u2019autoritzaci\u00f3 expressa i pr\u00e8via per part dels mateixos.<\/p>\n<p>BTC Centre d\u2019Estudis Superiors S.L. autoritza expressament a que tercers puguin redirigir directament als continguts concrets del lloc web, i en tot cas redirigir al lloc web principal del prestador.<\/p>\n<p>BTC Centre d\u2019Estudis Superiors S.L. reconeix a favor dels seus titulars els corresponents drets de propietat industrial i intel \u00b7 lectual, no implicant el seu sol esment o aparici\u00f3 al lloc web l\u2019exist\u00e8ncia de drets o responsabilitat alguna de BTC Centre d\u2019Estudis Superiors SL sobre els mateixos, com tampoc respatller, patrocini o recomanaci\u00f3 per part del mateix.<\/p>\n<p>Per realitzar qualsevol tipus d\u2019observaci\u00f3 respecte a possibles incompliments dels drets de propietat intel\u00b7lectual o industrial, aix\u00ed com sobre qualsevol dels continguts del lloc web, pot fer-ho a trav\u00e9s del seg\u00fcent correu electr\u00f2nic: info@btcces.com.<\/p>\n<h3>Llei Aplicable i Jurisdicci\u00f3<\/h3>\n<p>Per a la resoluci\u00f3 de totes les controv\u00e8rsies o q\u00fcestions relacionades amb el present lloc web o de les activitats en ell desenvolupades, ser\u00e0 d\u2019aplicaci\u00f3 la legislaci\u00f3 espanyola, a la qual se sotmeten expressament les parts, sent competents per a la resoluci\u00f3 de tots els conflictes derivats o relacionats amb el seu \u00fas els Jutjats i Tribunals de Vic (Barcelona).<\/p>","protected":false},"excerpt":{"rendered":"<p>Dades de l\u2019empresa Denominaci\u00f3 Social: BTC Centre d\u2019Estudis Superiors, SL Nom Comercial: BTC Centre d\u2019Estudis Superiors Domicili Social:\u00a0Pla\u00e7a del Mil\u00b7lenari, 2, 1er \u2013 08500 Vic\u2026 <a href=\"https:\/\/btcces.com\/ca\/avis-legal\/\" class=\"read-more-link\">Llegir m\u00e9s &rarr;<\/a><\/p>\n","protected":false},"author":1,"featured_media":0,"parent":0,"menu_order":0,"comment_status":"closed","ping_status":"closed","template":"page-fullwidth.php","meta":{"_acf_changed":false,"footnotes":""},"class_list":["post-1971","page","type-page","status-publish","hentry"],"acf":[],"_links":{"self":[{"href":"https:\/\/btcces.com\/ca\/wp-json\/wp\/v2\/pages\/1971","targetHints":{"allow":["GET"]}}],"collection":[{"href":"https:\/\/btcces.com\/ca\/wp-json\/wp\/v2\/pages"}],"about":[{"href":"https:\/\/btcces.com\/ca\/wp-json\/wp\/v2\/types\/page"}],"author":[{"embeddable":true,"href":"https:\/\/btcces.com\/ca\/wp-json\/wp\/v2\/users\/1"}],"replies":[{"embeddable":true,"href":"https:\/\/btcces.com\/ca\/wp-json\/wp\/v2\/comments?post=1971"}],"version-history":[{"count":3,"href":"https:\/\/btcces.com\/ca\/wp-json\/wp\/v2\/pages\/1971\/revisions"}],"predecessor-version":[{"id":4967,"href":"https:\/\/btcces.com\/ca\/wp-json\/wp\/v2\/pages\/1971\/revisions\/4967"}],"wp:attachment":[{"href":"https:\/\/btcces.com\/ca\/wp-json\/wp\/v2\/media?parent=1971"}],"curies":[{"name":"wp","href":"https:\/\/api.w.org\/{rel}","templated":true}]}}