	





{"id":956784,"date":"2021-12-16T08:23:38","date_gmt":"2021-12-16T08:23:38","guid":{"rendered":"https:\/\/btcces.com\/?page_id=956784"},"modified":"2021-12-16T09:50:20","modified_gmt":"2021-12-16T09:50:20","slug":"audens-resultados-fundae","status":"publish","type":"page","link":"https:\/\/btcces.com\/ca\/audens-resultados-fundae\/","title":{"rendered":"AUDENS &#8211; Resultados FUNDAE"},"content":{"rendered":"<div class=\"section \" style=\"background-color: #ffffff; border: none; padding: ; \">\n<div class=\"container clearfix\">\n<div class=\"sixteen columns\">\n<div class=\"gap\" style=\"height: 30px;\"><\/div>\n<h1>Curso Audens<\/h1>\n<h2>Encuesta de satisfacci\u00f3n FUNDAE<\/h2>\n<p>Respostes totals: [gfchartsreports gf_form_id=&#8221;16&#8243; type=&#8221;total&#8221; maxentries=&#8221;1000&#8243;]<\/p>\n<h3>III. VALORACI\u00d3N DE LAS ACCIONES FORMATIVAS<\/h3>\n<h4>1) Organizaci\u00f3n del curso<\/h4>\n<p>[gfchartsreports gf_form_id=&#8221;16&#8243; include=&#8221;21&#8243; type=&#8221;bar&#8221; maxentries=&#8221;1000&#8243; height=&#8221;250px&#8221;]<\/p>\n<p>[gfchartsreports gf_form_id=&#8221;16&#8243; include=&#8221;24&#8243; type=&#8221;bar&#8221; maxentries=&#8221;1000&#8243; height=&#8221;250px&#8221;]<\/p>\n<h4><\/h4>\n<h4>2) Contenidos y metodolog\u00eda de impartici\u00f3n<\/h4>\n<p>[gfchartsreports gf_form_id=&#8221;16&#8243; include=&#8221;26&#8243; type=&#8221;bar&#8221; maxentries=&#8221;1000&#8243; height=&#8221;250px&#8221;]<\/p>\n<p>[gfchartsreports gf_form_id=&#8221;16&#8243; include=&#8221;27&#8243; type=&#8221;bar&#8221; maxentries=&#8221;1000&#8243; height=&#8221;250px&#8221;]<\/p>\n<p>&nbsp;<\/p>\n<h4>3) Duraci\u00f3n y horario<\/h4>\n<p>[gfchartsreports gf_form_id=&#8221;16&#8243; include=&#8221;28&#8243; type=&#8221;bar&#8221; maxentries=&#8221;1000&#8243; height=&#8221;250px&#8221;]<\/p>\n<p>[gfchartsreports gf_form_id=&#8221;16&#8243; include=&#8221;29&#8243; type=&#8221;bar&#8221; maxentries=&#8221;1000&#8243; height=&#8221;250px&#8221;]<\/p>\n<p>&nbsp;<\/p>\n<h4>4) Tutores<\/h4>\n<p>[gfchartsreports gf_form_id=&#8221;16&#8243; include=&#8221;30&#8243; type=&#8221;bar&#8221; maxentries=&#8221;1000&#8243; height=&#8221;250px&#8221;]<\/p>\n<p>[gfchartsreports gf_form_id=&#8221;16&#8243; include=&#8221;31&#8243; type=&#8221;bar&#8221; maxentries=&#8221;1000&#8243; height=&#8221;250px&#8221;]<\/p>\n<p>&nbsp;<\/p>\n<h4>5) Medios did\u00e1cticos (gu\u00edas, manuales, fichas&#8230;)<\/h4>\n<p>[gfchartsreports gf_form_id=&#8221;16&#8243; include=&#8221;32&#8243; type=&#8221;bar&#8221; maxentries=&#8221;1000&#8243; height=&#8221;250px&#8221;]<\/p>\n<p>[gfchartsreports gf_form_id=&#8221;16&#8243; include=&#8221;33&#8243; type=&#8221;bar&#8221; maxentries=&#8221;1000&#8243; height=&#8221;250px&#8221;]<\/p>\n<p>&nbsp;<\/p>\n<h4>6) Instalaciones y medios t\u00e9cnicos (pizarra, pantalla, proyector, TV, v\u00eddeo, ordenador, programas, m\u00e1quinas, herramientas&#8230;)<\/h4>\n<p>[gfchartsreports gf_form_id=&#8221;16&#8243; include=&#8221;34&#8243; type=&#8221;bar&#8221; maxentries=&#8221;1000&#8243; height=&#8221;250px&#8221;]<\/p>\n<p>[gfchartsreports gf_form_id=&#8221;16&#8243; include=&#8221;35&#8243; type=&#8221;bar&#8221; maxentries=&#8221;1000&#8243; height=&#8221;250px&#8221;]<\/p>\n<p>&nbsp;<\/p>\n<h4>7) Instalaciones y medios t\u00e9cnicos (pizarra, pantalla, proyector, TV, v\u00eddeo, ordenador, programas, m\u00e1quinas, herramientas&#8230;)<\/h4>\n<p>[gfchartsreports gf_form_id=&#8221;16&#8243; include=&#8221;36&#8243; type=&#8221;bar&#8221; maxentries=&#8221;1000&#8243; height=&#8221;250px&#8221;]<\/p>\n<p>[gfchartsreports gf_form_id=&#8221;16&#8243; include=&#8221;37&#8243; type=&#8221;bar&#8221; maxentries=&#8221;1000&#8243; height=&#8221;250px&#8221;]<\/p>\n<p>&nbsp;<\/p>\n<h4>8) Mecanismos para la evaluaci\u00f3n del aprendizaje<\/h4>\n<p>[gfchartsreports gf_form_id=&#8221;16&#8243; include=&#8221;38&#8243; type=&#8221;bar&#8221; maxentries=&#8221;1000&#8243; height=&#8221;250px&#8221;]<\/p>\n<p>[gfchartsreports gf_form_id=&#8221;16&#8243; include=&#8221;39&#8243; type=&#8221;bar&#8221; maxentries=&#8221;1000&#8243; height=&#8221;250px&#8221;]<\/p>\n<p>&nbsp;<\/p>\n<h4>9) Valoraci\u00f3n general del curso<\/h4>\n<p>[gfchartsreports gf_form_id=&#8221;16&#8243; include=&#8221;40&#8243; type=&#8221;bar&#8221; maxentries=&#8221;1000&#8243; height=&#8221;250px&#8221;]<\/p>\n<p>[gfchartsreports gf_form_id=&#8221;16&#8243; include=&#8221;41&#8243; type=&#8221;bar&#8221; maxentries=&#8221;1000&#8243; height=&#8221;250px&#8221;]<\/p>\n<p>[gfchartsreports gf_form_id=&#8221;16&#8243; include=&#8221;42&#8243; type=&#8221;bar&#8221; maxentries=&#8221;1000&#8243; height=&#8221;250px&#8221;]<\/p>\n<p>[gfchartsreports gf_form_id=&#8221;16&#8243; include=&#8221;43&#8243; type=&#8221;bar&#8221; maxentries=&#8221;1000&#8243; height=&#8221;250px&#8221;]<\/p>\n<p>[gfchartsreports gf_form_id=&#8221;16&#8243; include=&#8221;44&#8243; type=&#8221;bar&#8221; maxentries=&#8221;1000&#8243; height=&#8221;250px&#8221;]<\/p>\n<p>[gfchartsreports gf_form_id=&#8221;16&#8243; include=&#8221;46&#8243; type=&#8221;bar&#8221; maxentries=&#8221;1000&#8243; height=&#8221;250px&#8221;]<\/p>\n<p>&nbsp;<\/p>\n<p><!-- &#091;gfchartsreports gf_form_id=\"16\" include=\"47\" type=\"table\" maxentries=\"1000\" height=\"250px\"&#093; --><\/p>\n<\/div>\n<\/div>\n<\/div>\n","protected":false},"excerpt":{"rendered":"<p>Curso Audens Encuesta de satisfacci\u00f3n FUNDAE Respostes totals: [gfchartsreports gf_form_id=&#8221;16&#8243; type=&#8221;total&#8221; maxentries=&#8221;1000&#8243;] III. VALORACI\u00d3N DE LAS ACCIONES FORMATIVAS 1) Organizaci\u00f3n del curso [gfchartsreports gf_form_id=&#8221;16&#8243; include=&#8221;21&#8243;\u2026 <a href=\"https:\/\/btcces.com\/ca\/audens-resultados-fundae\/\" class=\"read-more-link\">Llegir m\u00e9s &rarr;<\/a><\/p>\n","protected":false},"author":1,"featured_media":0,"parent":0,"menu_order":0,"comment_status":"closed","ping_status":"closed","template":"page-section.php","meta":{"_acf_changed":false,"footnotes":""},"class_list":["post-956784","page","type-page","status-publish","hentry"],"acf":[],"_links":{"self":[{"href":"https:\/\/btcces.com\/ca\/wp-json\/wp\/v2\/pages\/956784","targetHints":{"allow":["GET"]}}],"collection":[{"href":"https:\/\/btcces.com\/ca\/wp-json\/wp\/v2\/pages"}],"about":[{"href":"https:\/\/btcces.com\/ca\/wp-json\/wp\/v2\/types\/page"}],"author":[{"embeddable":true,"href":"https:\/\/btcces.com\/ca\/wp-json\/wp\/v2\/users\/1"}],"replies":[{"embeddable":true,"href":"https:\/\/btcces.com\/ca\/wp-json\/wp\/v2\/comments?post=956784"}],"version-history":[{"count":15,"href":"https:\/\/btcces.com\/ca\/wp-json\/wp\/v2\/pages\/956784\/revisions"}],"predecessor-version":[{"id":960139,"href":"https:\/\/btcces.com\/ca\/wp-json\/wp\/v2\/pages\/956784\/revisions\/960139"}],"wp:attachment":[{"href":"https:\/\/btcces.com\/ca\/wp-json\/wp\/v2\/media?parent=956784"}],"curies":[{"name":"wp","href":"https:\/\/api.w.org\/{rel}","templated":true}]}}